{"id":8,"date":"2025-03-27T11:07:16","date_gmt":"2025-03-27T11:07:16","guid":{"rendered":"https:\/\/ci-mail.de\/?page_id=8"},"modified":"2025-10-10T10:10:06","modified_gmt":"2025-10-10T10:10:06","slug":"impressum","status":"publish","type":"page","link":"https:\/\/ci-mail.de\/","title":{"rendered":"Impressum"},"content":{"rendered":"\n<p><span style=\"font-family: Arial; font-size: small;\">Angaben gem\u00e4\u00df \u00a7 5 Abs. 1 Telemediengesetz (TMG)<\/span><\/p>\n\n\n\n<p><span class=\"fett\">Comenius-Institut<\/span><br>Evangelische Arbeitsst\u00e4tte f\u00fcr Erziehungswissenschaft e.V.<br>Vertreten durch:<br>Prof. Dr. Bernd Schr\u00f6der, Vorsitzender des Vorstands<br>Dr. Jens Dechow, Direktor<\/p>\n\n\n\n<p>Schreiberstra\u00dfe 12<br>48149 M\u00fcnster<br>Telefon 02 51 \/ 9 81 01 &#8211; 0<br>Telefax&nbsp; 02 51 \/ 9 81 01 &#8211; 50<br>E-Mail <a href=\"mailto:info@comenius.de\">info@comenius.de<\/a><br>Lageanzeige des Instituts mit Hilfe von <a href=\"http:\/\/www.openstreetmap.org\/way\/100346902#map=18\/51.96615\/7.59529\" target=\"_blank\" rel=\"noopener noreferrer\">OpenStreetMap<\/a><\/p>\n\n\n\n<p>Umsatzsteuer-Identifikationsnummer gem\u00e4\u00df \u00a7 27a Umsatzsteuergesetz: DE 126 043 813<\/p>\n\n\n\n<p>Das Comenius-Institut hat einen <strong>\u00f6rtlich Beauftragten f\u00fcr den Datenschutz<\/strong> bestellt. Die Kontaktadresse ist hierf\u00fcr <a href=\"mailto:datenschutz@comenius.de\">datenschutz@comenius.de<\/a>.<br><strong>Nutzungsbedingungen und Urheberrecht<\/strong><\/p>\n\n\n\n<p>Texte, Bilder, Grafiken sowie die Gestaltung dieser Internetseiten unterliegen dem Urheberrecht. Sie d\u00fcrfen von Ihnen nur zum privaten und sonstigen eigenen Gebrauch im Rahmen des \u00a7 53 Urheberrechtsgesetz (UrhG) verwendet werden. Eine Vervielf\u00e4ltigung oder Verwendung dieser Seiten oder Teilen davon in anderen elektronischen oder gedruckten Publikationen und deren Ver\u00f6ffentlichung ist nur mit unserer Einwilligung gestattet. Diese erteilt auf Anfrage der f\u00fcr den Inhalt Verantwortliche. Senden Sie hierf\u00fcr bitte Ihre Anfrage an <a href=\"mailto:info@comenius.de\">info@comenius.de<\/a><\/p>\n\n\n\n<p>Weiterhin k\u00f6nnen Texte, Bilder, und sonstige Dateien ganz oder teilweise dem Urheberrecht Dritter unterliegen. Auch \u00fcber das Bestehen m\u00f6glicher Rechte Dritter gibt Ihnen der f\u00fcr den Inhalt Verantwortliche n\u00e4here Ausk\u00fcnfte. Sofern Ihnen in diesen F\u00e4llen die Urheber nicht ersichtlich sein sollten, so k\u00f6nnen sie mit einer Anfrage an <a href=\"mailto:info@comenius.de\">info@comenius.de<\/a> n\u00e4here Ausk\u00fcnfte einholen.<\/p>\n\n\n\n<p>Der Nachdruck und die Auswertung von Pressemitteilungen sind mit Quellenangabe allgemein gestattet.<\/p>\n\n\n\n<p><strong>Haftungsausschluss<\/strong><\/p>\n\n\n\n<p>Trotz sorgf\u00e4ltiger inhaltlicher Kontrolle \u00fcbernehmen wir keine Haftung f\u00fcr die Inhalte externer Links. F\u00fcr den Inhalt der verlinkten Seiten sind ausschlie\u00dflich deren Betreiber verantwortlich.<\/p>\n\n\n\n<p>Alle auf den Internetseiten unseres Webangebots bereitgestellten Informationen haben wir nach bestem Wissen und Gewissen erstellt und gepr\u00fcft. Eine Gew\u00e4hr f\u00fcr eine jederzeitige Aktualit\u00e4t, Richtigkeit, Vollst\u00e4ndigkeit und Verf\u00fcgbarkeit der bereit gestellten Informationen k\u00f6nnen wir allerdings nicht \u00fcbernehmen. Ein Vertragsverh\u00e4ltnis mit den Nutzenden des Internetangebots kommt nicht zustande.<\/p>\n\n\n\n<p>Wir haften nicht f\u00fcr Sch\u00e4den, die durch die Nutzung dieses Internetangebots entstehen. F\u00fcr etwaige Sch\u00e4den, die beim Aufrufen oder Herunterladen von Daten durch Schadsoftware oder der Installation oder Nutzung von Software verursacht werden, wird nicht gehaftet.<\/p>\n\n\n\n<p>Wenn Sie auf diesen Internetseiten Fehler gefunden oder Verbesserungsvorschl\u00e4ge haben, schreiben Sie bitte eine E-Mail an&nbsp; <a href=\"mailto:info@comenius.de\">info@comenius.de<\/a><\/p>\n\n\n\n<p><\/p>\n\n\n\n<div style=\"height:20px\" aria-hidden=\"true\" class=\"wp-block-spacer\"><\/div>\n","protected":false},"excerpt":{"rendered":"<p>Angaben gem\u00e4\u00df \u00a7 5 Abs. 1 Telemediengesetz (TMG) Comenius-InstitutEvangelische Arbeitsst\u00e4tte f\u00fcr Erziehungswissenschaft e.V.Vertreten durch:Prof. Dr. Bernd Schr\u00f6der, Vorsitzender des VorstandsDr. Jens Dechow, Direktor Schreiberstra\u00dfe 1248149 M\u00fcnsterTelefon 02 51 \/ 9 81 01 &#8211; 0Telefax&nbsp; 02 51 \/ 9 81 01 &#8211; 50E-Mail info@comenius.deLageanzeige des Instituts mit Hilfe von OpenStreetMap Umsatzsteuer-Identifikationsnummer gem\u00e4\u00df \u00a7 27a Umsatzsteuergesetz: DE [&hellip;]<\/p>\n","protected":false},"author":2,"featured_media":0,"parent":0,"menu_order":0,"comment_status":"closed","ping_status":"closed","template":"","meta":{"footnotes":""},"class_list":["post-8","page","type-page","status-publish","hentry"],"blocksy_meta":[],"_links":{"self":[{"href":"https:\/\/ci-mail.de\/index.php?rest_route=\/wp\/v2\/pages\/8","targetHints":{"allow":["GET"]}}],"collection":[{"href":"https:\/\/ci-mail.de\/index.php?rest_route=\/wp\/v2\/pages"}],"about":[{"href":"https:\/\/ci-mail.de\/index.php?rest_route=\/wp\/v2\/types\/page"}],"author":[{"embeddable":true,"href":"https:\/\/ci-mail.de\/index.php?rest_route=\/wp\/v2\/users\/2"}],"replies":[{"embeddable":true,"href":"https:\/\/ci-mail.de\/index.php?rest_route=%2Fwp%2Fv2%2Fcomments&post=8"}],"version-history":[{"count":3,"href":"https:\/\/ci-mail.de\/index.php?rest_route=\/wp\/v2\/pages\/8\/revisions"}],"predecessor-version":[{"id":18,"href":"https:\/\/ci-mail.de\/index.php?rest_route=\/wp\/v2\/pages\/8\/revisions\/18"}],"wp:attachment":[{"href":"https:\/\/ci-mail.de\/index.php?rest_route=%2Fwp%2Fv2%2Fmedia&parent=8"}],"curies":[{"name":"wp","href":"https:\/\/api.w.org\/{rel}","templated":true}]}}